{"id":4662,"date":"2025-07-08T13:53:27","date_gmt":"2025-07-08T13:53:27","guid":{"rendered":"https:\/\/www.bramial.pt\/?post_type=product&#038;p=4662"},"modified":"2025-07-18T15:16:43","modified_gmt":"2025-07-18T15:16:43","slug":"microventilacao-cortizo","status":"publish","type":"product","link":"https:\/\/www.bramial.com\/es\/product\/microventilacao-cortizo\/","title":{"rendered":"Microventila\u00e7\u00e3o &#8211; Cortizo"},"content":{"rendered":"<div data-elementor-type=\"wp-post\" data-elementor-id=\"4662\" class=\"elementor elementor-4662\">\n\t\t\t\t<div class=\"elementor-element elementor-element-87fce01 e-flex e-con-boxed e-con e-parent\" data-id=\"87fce01\" data-element_type=\"container\">\n\t\t\t\t\t<div class=\"e-con-inner\">\n\t\t\t\t<div class=\"elementor-element elementor-element-81d804a elementor-widget elementor-widget-tftabs\" data-id=\"81d804a\" data-element_type=\"widget\" data-widget_type=\"tftabs.default\">\n\t\t\t\t<div class=\"elementor-widget-container\">\n\t\t\t\t\t\t\t<div id=\"tf-tabs-81d804a\" class=\"tf-tabs horizontal tabs-horizontal icon-position-left show-triger-no nav-justify\" data-tabid=\"81d804a\">\r\n\t\t\t<div class=\"tf-tabnav\">\r\n\t\t\t\t<ul>\r\n\t\t\t\t\t\t\t\t\t\t<li class=\"tablinks inactive elementor-animation-\" data-tab=\"tab-1\">\t\r\n\t\t\t\t\t\t\t\t\t\t\t\t\r\n\t\t\t\t\t\t\t\t\t\t\t\t\t<span class=\"tab-title-text\">Descri\u00e7\u00e3o<\/span>\r\n\t\t\t\t\t\t\t\t\t\t\t<\/li>\r\n\t\t\t\t\t\t\t\t\t\t<li class=\"tablinks inactive elementor-animation-\" data-tab=\"tab-2\">\t\r\n\t\t\t\t\t\t\t\t\t\t\t\t\r\n\t\t\t\t\t\t\t\t\t\t\t\t\t<span class=\"tab-title-text\">Abertura \/ Oscilo-batente<\/span>\r\n\t\t\t\t\t\t\t\t\t\t\t<\/li>\r\n\t\t\t\t\t\t\t\t\t\t<li class=\"tablinks inactive elementor-animation-\" data-tab=\"tab-3\">\t\r\n\t\t\t\t\t\t\t\t\t\t\t\t\r\n\t\t\t\t\t\t\t\t\t\t\t\t\t<span class=\"tab-title-text\">Corredi\u00e7as<\/span>\r\n\t\t\t\t\t\t\t\t\t\t\t<\/li>\r\n\t\t\t\t\t\t\t\t\t<\/ul>\r\n\t\t\t<\/div>\r\n\t\t\t<div class=\"tf-tabcontent\">\r\n\t\t\t\t\t\t\t\t<div id=\"tab-1\" class=\"tf-tabcontent-inner inactive animated fadeIn\">\r\n\t\t\t\t\t<p>Custo inferior a outros sistemas de ventila\u00e7\u00e3o<\/p><p>Abertura milim\u00e9trica de 6\/8 mm<\/p><p>Mecanismo oculto na ferragem. N\u00e3o altera a est\u00e9tica da janela<\/p><p><span>N\u00e3o reduz o desempenho final da janela em termos de efici\u00eancia energ\u00e9tica ou isolamento ac\u00fastico<\/span><\/p>\t\t\t\t\t\r\n\t\t\t\t\t\r\n\t\t\t\t<\/div>\r\n\t\t\t\t\t\t\t\t<div id=\"tab-2\" class=\"tf-tabcontent-inner inactive animated fadeIn\">\r\n\t\t\t\t\t<p><strong><span>Vaz\u00e3o de ventila\u00e7\u00e3o<\/span><\/strong><br \/><span>Press\u00e3o (Pa) 50<\/span><br \/><span>Vaz\u00e3o (l\/sm\u00b2)* at\u00e9 17,2 (1)<\/span><\/p><p><strong><span>Permeabilidade ao ar Classe 1<\/span><\/strong><br \/><span>Valor obtido na posi\u00e7\u00e3o de microabertura segundo UNE-EN 12207:2000<\/span><\/p><p><strong><span>\u00c1rea de admiss\u00e3o<\/span><\/strong><br \/><span>Abr\u00edvel - S(cm\u00b2) = 0,8 x altura da folha (cm)<\/span><br \/><span>Oscilo-batente - S(cm\u00b2) = 0,8 x largura da folha (cm)<\/span><\/p><p><span>(1) Valor obtido conforme UNE-EN 1026:2000 com ensaio realizado segundo relat\u00f3rio Pr110009.<\/span><br \/><span>Janela de refer\u00eancia 1.246 x 1.500 m, 2 folhas<\/span><\/p><ul><li><span>Vaz\u00e3o fornecida por m\u00b2 de folha que incorpora microventila\u00e7\u00e3o<\/span><\/li><\/ul>\t\t\t\t\t\r\n\t\t\t\t\t\r\n\t\t\t\t<\/div>\r\n\t\t\t\t\t\t\t\t<div id=\"tab-3\" class=\"tf-tabcontent-inner inactive animated fadeIn\">\r\n\t\t\t\t\t<p><strong><span>Vaz\u00e3o de ventila\u00e7\u00e3o<\/span><\/strong><br \/><span>Press\u00e3o (Pa) 50<\/span><br \/><span>Vaz\u00e3o (l\/sm)* at\u00e9 8,0 (1)<\/span><\/p><p><strong><span>Permeabilidade ao ar Classe 1<\/span><\/strong><br \/><span>Valor obtido na posi\u00e7\u00e3o de microabertura segundo UNE-EN 12207:2000<\/span><\/p><p><strong><span>\u00c1rea de admiss\u00e3o<\/span><\/strong><br \/><span>Corredi\u00e7a - S(cm\u00b2) = 0,6 x altura da folha (cm)<\/span><\/p><p><span>(1) Dependendo da s\u00e9rie da corredi\u00e7a<\/span><\/p><ul><li><span>Vaz\u00e3o fornecida por metro de folha que incorpora microventila\u00e7\u00e3o<\/span><\/li><\/ul>\t\t\t\t\t\r\n\t\t\t\t\t\r\n\t\t\t\t<\/div>\r\n\t\t\t\t\t\t\t<\/div>\r\n\t\t<\/div>\r\n\t\t\r\n\t\t\t\t\t\t<\/div>\n\t\t\t\t<\/div>\n\t\t\t\t\t<\/div>\n\t\t\t\t<\/div>\n\t\t\t\t<\/div>","protected":false},"excerpt":{"rendered":"<h5><span style=\"vertical-align: inherit;\"><span style=\"vertical-align: inherit;\">Descri\u00e7\u00e3o<\/span><\/span><\/h5>\n<div class=\"touch:-me-2 touch:-ms-3.5 -ms-2.5 -me-1 flex flex-wrap items-center gap-y-4 p-1 select-none touch:w-[calc(100%+--spacing(3.5))] -mt-1 w-[calc(100%+--spacing(2.5))] duration-[1.5s] focus-within:transition-none hover:transition-none pointer-events-none [mask-image:linear-gradient(to_right,black_33%,transparent_66%)] [mask-size:300%_100%] [mask-position:100%_0%] motion-safe:transition-[mask-position] group-hover\/turn-messages:pointer-events-auto group-hover\/turn-messages:[mask-position:0_0] group-focus-within\/turn-messages:pointer-events-auto group-focus-within\/turn-messages:[mask-position:0_0] has-data-[state=open]:pointer-events-auto has-data-[state=open]:[mask-position:0_0]\">Ventila\u00e7\u00e3o oculta de baixo custo, com abertura milim\u00e9trica (6\/8 mm), sem impactar est\u00e9tica, efici\u00eancia energ\u00e9tica ou isolamento ac\u00fastico.<\/div>\n<div><img decoding=\"async\" class=\"alignnone size-full wp-image-5635\" src=\"https:\/\/www.bramial.pt\/wp-content\/uploads\/2025\/07\/Icon-feather-download-1.png\" alt=\"\" width=\"23\" height=\"23\" \/> <a  data-e-disable-page-transition=\"true\" class=\"download-link\" title=\"\" href=\"https:\/\/www.bramial.com\/es\/download\/5764\/?tmstv=1776535778\" rel=\"nofollow\" id=\"download-link-5764\" data-redirect=\"false\" ><br \/>\n\tFICHA T\u00c9CNICA Microventila\u00e7\u00e3o<\/a>\n<\/div>\n<div><\/div>\n<div><\/div>\n<div><\/div>\n<div><\/div>","protected":false},"featured_media":4663,"comment_status":"open","ping_status":"closed","template":"","meta":[],"product_brand":[],"product_cat":[53],"product_tag":[],"class_list":{"0":"post-4662","1":"product","2":"type-product","3":"status-publish","4":"has-post-thumbnail","6":"product_cat-acessorios","8":"first","9":"instock","10":"downloadable","11":"virtual","12":"product-type-simple"},"_links":{"self":[{"href":"https:\/\/www.bramial.com\/es\/wp-json\/wp\/v2\/product\/4662","targetHints":{"allow":["GET"]}}],"collection":[{"href":"https:\/\/www.bramial.com\/es\/wp-json\/wp\/v2\/product"}],"about":[{"href":"https:\/\/www.bramial.com\/es\/wp-json\/wp\/v2\/types\/product"}],"replies":[{"embeddable":true,"href":"https:\/\/www.bramial.com\/es\/wp-json\/wp\/v2\/comments?post=4662"}],"version-history":[{"count":8,"href":"https:\/\/www.bramial.com\/es\/wp-json\/wp\/v2\/product\/4662\/revisions"}],"predecessor-version":[{"id":6531,"href":"https:\/\/www.bramial.com\/es\/wp-json\/wp\/v2\/product\/4662\/revisions\/6531"}],"wp:featuredmedia":[{"embeddable":true,"href":"https:\/\/www.bramial.com\/es\/wp-json\/wp\/v2\/media\/4663"}],"wp:attachment":[{"href":"https:\/\/www.bramial.com\/es\/wp-json\/wp\/v2\/media?parent=4662"}],"wp:term":[{"taxonomy":"product_brand","embeddable":true,"href":"https:\/\/www.bramial.com\/es\/wp-json\/wp\/v2\/product_brand?post=4662"},{"taxonomy":"product_cat","embeddable":true,"href":"https:\/\/www.bramial.com\/es\/wp-json\/wp\/v2\/product_cat?post=4662"},{"taxonomy":"product_tag","embeddable":true,"href":"https:\/\/www.bramial.com\/es\/wp-json\/wp\/v2\/product_tag?post=4662"}],"curies":[{"name":"wp","href":"https:\/\/api.w.org\/{rel}","templated":true}]}}